{"id":86,"date":"2013-09-13T19:26:02","date_gmt":"2013-09-13T18:26:02","guid":{"rendered":"http:\/\/www.greenladiesbcn.com\/?page_id=86"},"modified":"2019-04-08T01:42:23","modified_gmt":"2019-04-08T00:42:23","slug":"qui-som","status":"publish","type":"page","link":"https:\/\/www.greenladiesbcn.com\/CA\/qui-som","title":{"rendered":"Qui Som"},"content":{"rendered":"<div id='av_section_1' class='avia-section main_color avia-section-huge avia-no-border-styling av-parallax-section av-section-color-overlay-active avia-bg-style-parallax  avia-builder-el-0  el_before_av_section  avia-builder-el-first   container_wrap sidebar_right' style=' '  data-section-bg-repeat='no-repeat'><div class='av-parallax' data-avia-parallax-ratio='0.3' ><div class='av-parallax-inner main_color  avia-full-stretch' style = 'background-repeat: no-repeat; background-image: url(https:\/\/www.greenladiesbcn.com\/wp-content\/uploads\/vegan_restaurant-1500x844.jpg);background-attachment: scroll; background-position: bottom center; ' ><\/div><\/div><div class='av-section-color-overlay-wrap'><div class='av-section-color-overlay' style='opacity: 0.3; background-color: #000000; '><\/div><div class='container' ><main  role=\"main\" itemprop=\"mainContentOfPage\"  class='template-page content  av-content-small alpha units'><div class='post-entry post-entry-type-page post-entry-86'><div class='entry-content-wrapper clearfix'>\n<div style='padding-bottom:10px; color:#ffffff;font-size:38px;' class='av-special-heading av-special-heading-h3 custom-color-heading blockquote modern-quote modern-centered  avia-builder-el-1  avia-builder-el-no-sibling   av-inherit-size '><h3 class='av-special-heading-tag '  itemprop=\"headline\"  >Qui Som<\/h3><div class='special-heading-border'><div class='special-heading-inner-border' style='border-color:#ffffff'><\/div><\/div><\/div>\n\n<\/div><\/div><\/main><!-- close content main element --><\/div><\/div><\/div><div id='av_section_2' class='avia-section main_color avia-section-default avia-no-border-styling avia-bg-style-scroll  avia-builder-el-2  el_after_av_section  el_before_av_section   container_wrap sidebar_right' style=' '  ><div class='container' ><div class='template-page content  av-content-small alpha units'><div class='post-entry post-entry-type-page post-entry-86'><div class='entry-content-wrapper clearfix'>\n<div class='flex_column_table av-equal-height-column-flextable -flextable' ><div class=\"flex_column av_one_half  flex_column_table_cell av-equal-height-column av-align-middle av-zero-column-padding first  avia-builder-el-3  el_before_av_one_half  avia-builder-el-first   \" style='border-radius:0px; '><div class='avia-image-container  av-styling-    avia-builder-el-4  avia-builder-el-no-sibling  avia-align-center '  itemprop=\"image\" itemscope=\"itemscope\" itemtype=\"https:\/\/schema.org\/ImageObject\"  ><div class='avia-image-container-inner'><div class='avia-image-overlay-wrap'><img class='avia_image' src='https:\/\/www.greenladiesbcn.com\/wp-content\/uploads\/vegan_tour_experiences-495x400.png' alt='' title='Barcelona Vegan Tour Experiences' height=\"400\" width=\"495\"  itemprop=\"thumbnailUrl\"  \/><\/div><\/div><\/div><\/div><div class='av-flex-placeholder'><\/div><div class=\"flex_column av_one_half  flex_column_table_cell av-equal-height-column av-align-middle av-zero-column-padding   avia-builder-el-5  el_after_av_one_half  avia-builder-el-last  \" style='border-radius:0px; '><section class=\"av_textblock_section \"  itemscope=\"itemscope\" itemtype=\"https:\/\/schema.org\/CreativeWork\" ><div class='avia_textblock  '   itemprop=\"text\" ><p>S\u00f3c una xef apassionada pels sabors, m&#8217;encanta la gastronomia i el estil de vida basats en plantes. Mentre estudiaba pastisseria, em vaig adonar que la majoria dels pastissos i dessins contenen ingredients d&#8217;origen animal, el que em va sorprendre. Ja era vegetariana i aix\u00f2 em va permetre acabar de fer la connexi\u00f3. El meu \u00faltim treball per a l&#8217;escola de cuina va ser en realitat un projecte de cafeteria vegana. Des de llavors, vaig organitzar <strong>Tours Gastronomics Vegans a Barcelona<\/strong> per difondre aquest estil de vida bell, fresc, lliure de crueltat, com activisme positiu i per gaudir mentre protegim als animals, el nostre planeta i la nostra salut.<\/p>\n<p><\/p>\n<\/div><\/section><\/div><\/div><!--close column table wrapper. Autoclose: 1 --><\/div><\/div><\/div><!-- close content main div --><\/div><\/div><div id='av_section_3' class='avia-section main_color avia-section-default avia-no-shadow avia-bg-style-scroll  avia-builder-el-7  el_after_av_section  avia-builder-el-last    container_wrap sidebar_right' style='background-color: rgba(0,0,0,0.17);  '  ><div class='container' ><div class='template-page content  av-content-small alpha units'><div class='post-entry post-entry-type-page post-entry-86'><div class='entry-content-wrapper clearfix'>\n<form action=\"https:\/\/www.greenladiesbcn.com\/CA\/qui-som\" method=\"post\"  class=\"avia_ajax_form av-form-labels-hidden   avia-builder-el-8  avia-builder-el-no-sibling   av-custom-form-color av-light-form \" data-avia-form-id=\"1\" data-avia-redirect=''><fieldset><h3>Escriu-nos unes linees!<\/h3><p class=' first_form  form_element form_element_third' id='element_avia_1_1'> <input name=\"avia_1_1\" class=\"text_input is_empty\" type=\"text\" id=\"avia_1_1\" value=\"\"  placeholder='Nom*'\/><\/p><p class=' form_element form_element_third' id='element_avia_2_1'> <input name=\"avia_2_1\" class=\"text_input is_email\" type=\"text\" id=\"avia_2_1\" value=\"\"  placeholder='E-Mail*'\/><\/p><p class=' form_element form_element_third' id='element_avia_3_1'> <input name=\"avia_3_1\" class=\"text_input \" type=\"text\" id=\"avia_3_1\" value=\"\"  placeholder='Tel\u00e8fon'\/><\/p><p class=' first_form  form_element form_fullwidth av-last-visible-form-element' id='element_avia_4_1'>\t <textarea  placeholder='Missatge*' name=\"avia_4_1\" class=\"text_area is_empty\" cols=\"40\" rows=\"7\" id=\"avia_4_1\" ><\/textarea><\/p><p class=\"hidden\"><input type=\"text\" name=\"avia_5_1\" class=\"hidden \" id=\"avia_5_1\" value=\"\" \/><\/p><p class=\"form_element \"><input type=\"hidden\" value=\"1\" name=\"avia_generated_form1\" \/><input type=\"submit\" value=\"Enviar\" class=\"button\"  data-sending-label=\"Enviant\"\/><\/p><\/fieldset><\/form><div id=\"ajaxresponse_1\" class=\"ajaxresponse ajaxresponse_1 hidden\"><\/div>\n<\/div><\/div><\/div><!-- close content main div --><\/div><\/div><div id='after_section_3' class='main_color av_default_container_wrap container_wrap sidebar_right' style=' '  ><div class='container' ><div class='template-page content  av-content-small alpha units'><div class='post-entry post-entry-type-page post-entry-86'><div class='entry-content-wrapper clearfix'><\/p>","protected":false},"excerpt":{"rendered":"","protected":false},"author":1,"featured_media":0,"parent":0,"menu_order":0,"comment_status":"closed","ping_status":"open","template":"","meta":[],"yoast_head":"<!-- This site is optimized with the Yoast SEO plugin v15.7 - https:\/\/yoast.com\/wordpress\/plugins\/seo\/ -->\n<title>Qui Som - Green Ladies Barcelona<\/title>\n<meta name=\"robots\" content=\"index, follow, max-snippet:-1, max-image-preview:large, max-video-preview:-1\" \/>\n<link rel=\"canonical\" href=\"https:\/\/www.greenladiesbcn.com\/qui-som\" \/>\n<meta property=\"og:locale\" content=\"ca_ES\" \/>\n<meta property=\"og:type\" content=\"article\" \/>\n<meta property=\"og:title\" content=\"Qui Som - Green Ladies Barcelona\" \/>\n<meta property=\"og:url\" content=\"https:\/\/www.greenladiesbcn.com\/qui-som\" \/>\n<meta property=\"og:site_name\" content=\"Green Ladies Barcelona\" \/>\n<meta property=\"article:modified_time\" content=\"2019-04-08T00:42:23+00:00\" \/>\n<meta name=\"twitter:label1\" content=\"Temps estimat de lectura\">\n\t<meta name=\"twitter:data1\" content=\"6 minutes\">\n<script type=\"application\/ld+json\" class=\"yoast-schema-graph\">{\"@context\":\"https:\/\/schema.org\",\"@graph\":[{\"@type\":\"WebSite\",\"@id\":\"https:\/\/www.greenladiesbcn.com\/#website\",\"url\":\"https:\/\/www.greenladiesbcn.com\/\",\"name\":\"Green Ladies Barcelona\",\"description\":\"Tours Vegans Gastron\\u00f2mics\",\"potentialAction\":[{\"@type\":\"SearchAction\",\"target\":\"https:\/\/www.greenladiesbcn.com\/?s={search_term_string}\",\"query-input\":\"required name=search_term_string\"}],\"inLanguage\":\"ca\"},{\"@type\":\"WebPage\",\"@id\":\"https:\/\/www.greenladiesbcn.com\/qui-som#webpage\",\"url\":\"https:\/\/www.greenladiesbcn.com\/qui-som\",\"name\":\"Qui Som - Green Ladies Barcelona\",\"isPartOf\":{\"@id\":\"https:\/\/www.greenladiesbcn.com\/#website\"},\"datePublished\":\"2013-09-13T18:26:02+00:00\",\"dateModified\":\"2019-04-08T00:42:23+00:00\",\"inLanguage\":\"ca\",\"potentialAction\":[{\"@type\":\"ReadAction\",\"target\":[\"https:\/\/www.greenladiesbcn.com\/qui-som\"]}]}]}<\/script>\n<!-- \/ Yoast SEO plugin. -->","_links":{"self":[{"href":"https:\/\/www.greenladiesbcn.com\/CA\/wp-json\/wp\/v2\/pages\/86"}],"collection":[{"href":"https:\/\/www.greenladiesbcn.com\/CA\/wp-json\/wp\/v2\/pages"}],"about":[{"href":"https:\/\/www.greenladiesbcn.com\/CA\/wp-json\/wp\/v2\/types\/page"}],"author":[{"embeddable":true,"href":"https:\/\/www.greenladiesbcn.com\/CA\/wp-json\/wp\/v2\/users\/1"}],"replies":[{"embeddable":true,"href":"https:\/\/www.greenladiesbcn.com\/CA\/wp-json\/wp\/v2\/comments?post=86"}],"version-history":[{"count":0,"href":"https:\/\/www.greenladiesbcn.com\/CA\/wp-json\/wp\/v2\/pages\/86\/revisions"}],"wp:attachment":[{"href":"https:\/\/www.greenladiesbcn.com\/CA\/wp-json\/wp\/v2\/media?parent=86"}],"curies":[{"name":"wp","href":"https:\/\/api.w.org\/{rel}","templated":true}]}}