{"id":966,"date":"2018-09-05T00:19:21","date_gmt":"2018-09-04T23:19:21","guid":{"rendered":"http:\/\/www.greenladiesbcn.com\/?page_id=966"},"modified":"2019-09-22T23:22:59","modified_gmt":"2019-09-22T22:22:59","slug":"home","status":"publish","type":"page","link":"https:\/\/www.greenladiesbcn.com\/CA\/","title":{"rendered":"Tour Veg\u00e0 Gastron\u00f2mic"},"content":{"rendered":"<div id='fullscreen_slider_1' class='avia-fullscreen-slider main_color   avia-builder-el-0  el_before_av_section  avia-builder-el-first  container_wrap sidebar_right' style=' '  ><a href='#next-section' title='' class='scroll-down-link av-control-hidden' aria-hidden='true' data-av_icon='\ue877' data-av_iconfont='entypo-fontello'><\/a><div  data-size='no scaling'  data-lightbox_size='large'  data-animation='fade'  data-conditional_play=''  data-ids='927,936,924'  data-video_counter='0'  data-autoplay='true'  data-bg_slider='true'  data-slide_height='100'  data-handle='av_fullscreen'  data-interval='5'  data-class=' '  data-css_id='fullscreen_slider_1'  data-scroll_down='aviaTBscroll_down'  data-control_layout='av-control-hidden'  data-custom_markup=''  data-perma_caption='aviaTBperma_caption'  data-autoplay_stopper=''  data-image_attachment=''  data-min_height='0px'  data-stretch=''  class='avia-slideshow avia-slideshow-1 av-slider-scroll-down-active av-control-hidden av-default-height-applied avia-slideshow-no scaling av_fullscreen   avia-fade-slider '  itemprop=\"image\" itemscope=\"itemscope\" itemtype=\"https:\/\/schema.org\/ImageObject\" ><ul class='avia-slideshow-inner ' style='padding-bottom: 66.666666666667%;' ><li style='background-position:center center;' data-img-url='https:\/\/www.greenladiesbcn.com\/wp-content\/uploads\/barcelona_vegan_tour-1.jpg' class=' slide-1 ' ><div data-rel='slideshow-1' class='avia-slide-wrap '   ><\/div><\/li><li style='background-position:center center;' data-img-url='https:\/\/www.greenladiesbcn.com\/wp-content\/uploads\/food_tour_barcelona-1.jpg' class=' slide-2 ' ><div data-rel='slideshow-1' class='avia-slide-wrap '   ><\/div><\/li><li style='background-position:center center;' data-img-url='https:\/\/www.greenladiesbcn.com\/wp-content\/uploads\/vegan_food_tours_barcelona-1.jpg' class=' slide-3 ' ><div data-rel='slideshow-1' class='avia-slide-wrap '   ><\/div><\/li><\/ul><div class='avia-slideshow-arrows avia-slideshow-controls'><a href='#prev' class='prev-slide' aria-hidden='true' data-av_icon='\ue87c' data-av_iconfont='entypo-fontello'>Anterior<\/a><a href='#next' class='next-slide' aria-hidden='true' data-av_icon='\ue87d' data-av_iconfont='entypo-fontello'>Seg\u00fcent<\/a><\/div><div class='avia-slideshow-dots avia-slideshow-controls'><a href='#1' class='goto-slide active' >1<\/a><a href='#2' class='goto-slide ' >2<\/a><a href='#3' class='goto-slide ' >3<\/a><\/div><div class = \"caption_fullwidth av-slideshow-caption caption_center caption_center_framed caption_framed\"><div class = \"container caption_container\"><div class = \"slideshow_caption\"><div class = \"slideshow_inner_caption\"><div class = \"slideshow_align_caption\"><h2  class='avia-caption-title '  itemprop=\"name\" >TOURS VEGANS BARCELONA<\/h2><div class='avia-caption-content  av_inherit_color'  itemprop=\"description\"   style='font-size:30px; '><p>Passejada Gastron\u00f2mica amb una Xef Local<\/p>\n<\/div><a href='#barcelona-vegan-tours'  class='avia-slideshow-button avia-button avia-color-green ' data-duration='800' data-easing='easeInOutQuad'>Propers Tours<\/a><\/div><\/div><\/div><\/div><\/div><\/div><\/div>\n<div id='barcelona-vegan-tours' class='avia-section main_color avia-section-default avia-shadow avia-bg-style-scroll  avia-builder-el-1  el_after_av_fullscreen  el_before_av_section   container_wrap sidebar_right' style=' '  ><div class='container' ><div class='template-page content  av-content-small alpha units'><div class='post-entry post-entry-type-page post-entry-966'><div class='entry-content-wrapper clearfix'>\n<div style='padding-bottom:0px; color:#020202;' class='av-special-heading av-special-heading-h2 custom-color-heading blockquote modern-quote modern-centered  avia-builder-el-2  el_before_av_hr  avia-builder-el-first   '><h2 class='av-special-heading-tag '  itemprop=\"headline\"  >Tour Veg\u00e0 Gastron\u00f2mic<\/h2><div class='special-heading-border'><div class='special-heading-inner-border' style='border-color:#020202'><\/div><\/div><\/div>\n<div style=' margin-top:15px; margin-bottom:;'  class='hr hr-custom hr-center hr-icon-yes   avia-builder-el-3  el_after_av_heading  el_before_av_one_full '><span class='hr-inner   inner-border-av-border-fat' style=' width:15%; border-color:#8cc63e;' ><span class='hr-inner-style'><\/span><\/span><span class='av-seperator-icon' style='color:#8cc63e;' aria-hidden='true' data-av_icon='\ue8b8' data-av_iconfont='entypo-fontello'><\/span><span class='hr-inner   inner-border-av-border-fat' style=' width:15%; border-color:#8cc63e;' ><span class='hr-inner-style'><\/span><\/span><\/div>\n<div class=\"flex_column av_one_full  flex_column_div first  avia-builder-el-4  el_after_av_hr  el_before_av_one_half  \" style='padding:0px 0px 20px 0px ; border-radius:0px; '><section class=\"av_textblock_section \"  itemscope=\"itemscope\" itemtype=\"https:\/\/schema.org\/CreativeWork\" ><div class='avia_textblock  '   itemprop=\"text\" ><p><span id=\"result_box\" class=\"\" lang=\"ca\"><span class=\"\">Descobreix<\/span> la Barcelona Vegana de la ma d&#8217;una xef vegana local, en el Tour Vega a Barcelona gaudir\u00e0s de saboroses tapes <span class=\"\">plant<\/span><span class=\"\">&#8211;<\/span><span class=\"\">based<\/span> i un cl\u00e0ssic postre de xocolata durant un agradable passeig pel casc antic. Us guiarem\u00a0<span class=\"\">a trav\u00e9s d&#8217;una<\/span> degustaci\u00f3 ecl\u00e8ctica i colorida dels nostres llocs vegans favorits, al llarg <span class=\"\">del cam\u00ed<\/span> veurem els indrets m\u00e9s importants on es va formar la cultura i la identitat <span class=\"\">de Barcelona.<\/span><br \/>\n<\/span><\/p>\n<p><\/p>\n<\/div><\/section><\/div><div class='flex_column_table av-equal-height-column-flextable -flextable' ><div class=\"flex_column av_one_half  av-animated-generic pop-up  flex_column_table_cell av-equal-height-column av-align-top av-zero-column-padding first  avia-builder-el-6  el_after_av_one_full  el_before_av_one_half  column-top-margin\" style='border-radius:0px; '><p><div class='avia-icon-list-container   avia-builder-el-7  el_before_av_textblock  avia-builder-el-first  '><ul class='avia-icon-list avia-icon-list-left av-iconlist-small avia_animate_when_almost_visible avia-iconlist-animate'>\n<li><div  style='color:#8cc63e; ' class='iconlist_icon  avia-font-entypo-fontello'><span class='iconlist-char ' aria-hidden='true' data-av_icon='\ue842' data-av_iconfont='entypo-fontello'><\/span><\/div><article class=\"article-icon-entry av-iconlist-empty\"  itemscope=\"itemscope\" itemtype=\"https:\/\/schema.org\/CreativeWork\" ><div class='iconlist_content_wrap'><header class=\"entry-content-header\"><div class='av_iconlist_title iconlist_title_small  '  itemprop=\"headline\"  >Barcelona Casc Antic<\/div><\/header><div class='iconlist_content  '  itemprop=\"text\"  ><\/div><\/div><footer class=\"entry-footer\"><\/footer><\/article><div class='iconlist-timeline'><\/div><\/li>\n<li><div  style='color:#8cc63e; ' class='iconlist_icon  avia-font-entypo-fontello'><span class='iconlist-char ' aria-hidden='true' data-av_icon='\ue863' data-av_iconfont='entypo-fontello'><\/span><\/div><article class=\"article-icon-entry av-iconlist-empty\"  itemscope=\"itemscope\" itemtype=\"https:\/\/schema.org\/CreativeWork\" ><div class='iconlist_content_wrap'><header class=\"entry-content-header\"><div class='av_iconlist_title iconlist_title_small  '  itemprop=\"headline\"  >3 hores<\/div><\/header><div class='iconlist_content  '  itemprop=\"text\"  ><\/div><\/div><footer class=\"entry-footer\"><\/footer><\/article><div class='iconlist-timeline'><\/div><\/li>\n<li><div  style='color:#8cc63e; ' class='iconlist_icon  avia-font-entypo-fontello'><span class='iconlist-char ' aria-hidden='true' data-av_icon='\ue843' data-av_iconfont='entypo-fontello'><\/span><\/div><article class=\"article-icon-entry av-iconlist-empty\"  itemscope=\"itemscope\" itemtype=\"https:\/\/schema.org\/CreativeWork\" ><div class='iconlist_content_wrap'><header class=\"entry-content-header\"><div class='av_iconlist_title iconlist_title_small  '  itemprop=\"headline\"  >Dilluns, Dijous, Divendres i Dissabte<\/div><\/header><div class='iconlist_content  '  itemprop=\"text\"  ><\/div><\/div><footer class=\"entry-footer\"><\/footer><\/article><div class='iconlist-timeline'><\/div><\/li>\n<li><div  style='color:#8cc63e; ' class='iconlist_icon  avia-font-entypo-fontello'><span class='iconlist-char ' aria-hidden='true' data-av_icon='\ue859' data-av_iconfont='entypo-fontello'><\/span><\/div><article class=\"article-icon-entry av-iconlist-empty\"  itemscope=\"itemscope\" itemtype=\"https:\/\/schema.org\/CreativeWork\" ><div class='iconlist_content_wrap'><header class=\"entry-content-header\"><div class='av_iconlist_title iconlist_title_small  '  itemprop=\"headline\"  >85 euro<\/div><\/header><div class='iconlist_content  '  itemprop=\"text\"  ><\/div><\/div><footer class=\"entry-footer\"><\/footer><\/article><div class='iconlist-timeline'><\/div><\/li>\n<\/ul><\/div><br \/>\n<section class=\"av_textblock_section \"  itemscope=\"itemscope\" itemtype=\"https:\/\/schema.org\/CreativeWork\" ><div class='avia_textblock  '   itemprop=\"text\" ><p><span id=\"result_box\" class=\"\" lang=\"ca\"><span class=\"\">Anar de<\/span> <span class=\"\">tapes<\/span> <span class=\"\">\u00e9s una forma<\/span> divertida de provar moltes receptes, en lloc d&#8217;un plat gran, igual que <span class=\"\">fem<\/span> <span class=\"\">amb els nostres<\/span> amics i familiars, anirem de tapes en un grup petit, compartint <span class=\"\">l&#8217;experi\u00e8ncia<\/span> <span class=\"\">i el<\/span> apassionant menjar! En el Tour Veg\u00e0 a Barcelona visitarem els 5 millors restaurants i locals vegans, \u00fanics, amb hist\u00f2ries interessants, <span class=\"\">tots molt<\/span> encantadors i acollidors, per gaudir de receptes tradicionals, modernes<span class=\"\">, cuites<\/span> <span class=\"\">i<\/span> <span class=\"\">crues.<\/span> Tot aix\u00f2 mentre descobrim el centre hist\u00f2ric mentre tastes un vi veg\u00e0 local i <span class=\"\">altres begudes<\/span> <span class=\"\">emocionants.<\/span> Tamb\u00e9 compartirem receptes i consells per anar de compres <span class=\"\">veganes<\/span> <span class=\"\">i menjar<\/span> <span class=\"\">a<\/span> Barcelona.<\/span><\/p>\n<p><\/p>\n<\/div><\/section><br \/>\n<section class=\"av_textblock_section \"  itemscope=\"itemscope\" itemtype=\"https:\/\/schema.org\/CreativeWork\" ><div class='avia_textblock  '   itemprop=\"text\" ><p><br \/>\n<strong>Propera disponibilitat<\/strong><\/p>\n<div class=\"alignleft\">\n<div class=\"_ncwphzu\">Divendres, 3, 17 i 31 Maig<\/div>\n<div class=\"_ncwphzu\">17:00 \u2212 20:00 PM \u00b7 \u20ac85 per persona<\/div>\n<\/div>\n<div class=\"alignright\">\n<p><a class=\"fancybox avia-button avia-color-theme-color avia-size-small\" href=\"#contact_form_pop\" target=\"_blank\" rel=\"nofollow noopener noreferrer\">Reservar<\/a><\/p>\n<div class=\"fancybox-hidden\" style=\"display: none;\">\n<div id=\"contact_form_pop\"><div role=\"form\" class=\"wpcf7\" id=\"wpcf7-f70-o1\" lang=\"en-US\" dir=\"ltr\">\n<div class=\"screen-reader-response\"><p role=\"status\" aria-live=\"polite\" aria-atomic=\"true\"><\/p> <ul><\/ul><\/div>\n<form action=\"\/CA\/wp-json\/wp\/v2\/pages\/966#wpcf7-f70-o1\" method=\"post\" class=\"wpcf7-form init\" novalidate=\"novalidate\" data-status=\"init\">\n<div style=\"display: none;\">\n<input type=\"hidden\" name=\"_wpcf7\" value=\"70\" \/>\n<input type=\"hidden\" name=\"_wpcf7_version\" value=\"5.3.2\" \/>\n<input type=\"hidden\" name=\"_wpcf7_locale\" value=\"en_US\" \/>\n<input type=\"hidden\" name=\"_wpcf7_unit_tag\" value=\"wpcf7-f70-o1\" \/>\n<input type=\"hidden\" name=\"_wpcf7_container_post\" value=\"0\" \/>\n<input type=\"hidden\" name=\"_wpcf7_posted_data_hash\" value=\"\" \/>\n<input type=\"hidden\" name=\"_wpcf7_recaptcha_response\" value=\"\" \/>\n<\/div>\n<p>Your Name (required)<br \/>\n    <span class=\"wpcf7-form-control-wrap your-name\"><input type=\"text\" name=\"your-name\" value=\"\" size=\"40\" class=\"wpcf7-form-control wpcf7-text wpcf7-validates-as-required\" aria-required=\"true\" aria-invalid=\"false\" \/><\/span> <\/p>\n<p>Your Email (required)<br \/>\n    <span class=\"wpcf7-form-control-wrap your-email\"><input type=\"email\" name=\"your-email\" value=\"\" size=\"40\" class=\"wpcf7-form-control wpcf7-text wpcf7-email wpcf7-validates-as-required wpcf7-validates-as-email\" aria-required=\"true\" aria-invalid=\"false\" \/><\/span> <\/p>\n<p>Your Telephone<br \/>\n    <span class=\"wpcf7-form-control-wrap telefon\"><input type=\"text\" name=\"telefon\" value=\"\" size=\"40\" class=\"wpcf7-form-control wpcf7-text\" aria-invalid=\"false\" \/><\/span> <\/p>\n<p>Your Message<br \/>\n    <span class=\"wpcf7-form-control-wrap your-message\"><textarea name=\"your-message\" cols=\"40\" rows=\"10\" class=\"wpcf7-form-control wpcf7-textarea\" aria-invalid=\"false\"><\/textarea><\/span> <\/p>\n<p><input type=\"submit\" value=\"Send\" class=\"wpcf7-form-control wpcf7-submit\" \/><\/p>\n<div class=\"wpcf7-response-output\" aria-hidden=\"true\"><\/div><\/form><\/div><\/div>\n<\/div>\n<\/div>\n<p><\/p>\n<\/div><\/section><\/p><\/div><div class='av-flex-placeholder'><\/div><div class=\"flex_column av_one_half  flex_column_table_cell av-equal-height-column av-align-top av-zero-column-padding   avia-builder-el-10  el_after_av_one_half  avia-builder-el-last  column-top-margin\" style='border-radius:0px; '><div  data-size='shop_single'  data-lightbox_size='large'  data-animation='fade'  data-conditional_play=''  data-ids='941,942,943'  data-video_counter='0'  data-autoplay='true'  data-bg_slider='false'  data-slide_height=''  data-handle='av_slideshow'  data-interval='6'  data-class=' avia-builder-el-11  avia-builder-el-no-sibling   avia-small-width-slider'  data-css_id=''  data-scroll_down=''  data-control_layout='av-control-default'  data-custom_markup=''  data-perma_caption=''  data-autoplay_stopper=''  data-image_attachment=''  data-min_height='0px'  data-default-height='222'  class='avia-slideshow avia-slideshow-2  av-control-default av-default-height-applied avia-slideshow-shop_single av_slideshow  avia-builder-el-11  avia-builder-el-no-sibling   avia-small-width-slider avia-fade-slider '  itemprop=\"image\" itemscope=\"itemscope\" itemtype=\"https:\/\/schema.org\/ImageObject\" ><ul class='avia-slideshow-inner ' style='padding-bottom: 125.11111111111%;' ><li  class=' slide-1 ' ><div data-rel='slideshow-2' class='avia-slide-wrap '   ><img src='https:\/\/www.greenladiesbcn.com\/wp-content\/uploads\/city_center_vegan_tour_barcelona-450x563.jpg' width='450' height='563' title='city_center_vegan_tour_barcelona' alt=''  itemprop=\"thumbnailUrl\"   \/><\/div><\/li><li  class=' slide-2 ' ><div data-rel='slideshow-2' class='avia-slide-wrap '   ><img src='https:\/\/www.greenladiesbcn.com\/wp-content\/uploads\/vegan_food_tour_experience-450x563.jpg' width='450' height='563' title='vegan_food_tour_experience' alt=''  itemprop=\"thumbnailUrl\"   \/><\/div><\/li><li  class=' slide-3 ' ><div data-rel='slideshow-2' class='avia-slide-wrap '   ><img src='https:\/\/www.greenladiesbcn.com\/wp-content\/uploads\/vegan_food_tours_barcelona-450x563.jpg' width='450' height='563' title='vegan_food_tours_barcelona' alt=''  itemprop=\"thumbnailUrl\"   \/><\/div><\/li><\/ul><div class='avia-slideshow-arrows avia-slideshow-controls'><a href='#prev' class='prev-slide' aria-hidden='true' data-av_icon='\ue87c' data-av_iconfont='entypo-fontello'>Anterior<\/a><a href='#next' class='next-slide' aria-hidden='true' data-av_icon='\ue87d' data-av_iconfont='entypo-fontello'>Seg\u00fcent<\/a><\/div><div class='avia-slideshow-dots avia-slideshow-controls'><a href='#1' class='goto-slide active' >1<\/a><a href='#2' class='goto-slide ' >2<\/a><a href='#3' class='goto-slide ' >3<\/a><\/div><\/div><\/div><\/div><!--close column table wrapper. Autoclose: 1 --><\/div><\/div><\/div><!-- close content main div --><\/div><\/div><div id='av_section_2' class='avia-section main_color avia-section-default avia-no-shadow avia-bg-style-scroll  avia-builder-el-12  el_after_av_section  avia-builder-el-last    container_wrap sidebar_right' style='background-color: rgba(0,0,0,0.17);  '  ><div class='container' ><div class='template-page content  av-content-small alpha units'><div class='post-entry post-entry-type-page post-entry-966'><div class='entry-content-wrapper clearfix'>\n<form action=\"https:\/\/www.greenladiesbcn.com\/CA\/\" method=\"post\"  class=\"avia_ajax_form av-form-labels-hidden   avia-builder-el-13  avia-builder-el-no-sibling   av-custom-form-color av-light-form \" data-avia-form-id=\"1\" data-avia-redirect=''><fieldset><h3>Escriu-nos unes linees!<\/h3><p class=' first_form  form_element form_element_third' id='element_avia_1_1'> <input name=\"avia_1_1\" class=\"text_input is_empty\" type=\"text\" id=\"avia_1_1\" value=\"\"  placeholder='Nom*'\/><\/p><p class=' form_element form_element_third' id='element_avia_2_1'> <input name=\"avia_2_1\" class=\"text_input is_email\" type=\"text\" id=\"avia_2_1\" value=\"\"  placeholder='E-Mail*'\/><\/p><p class=' form_element form_element_third' id='element_avia_3_1'> <input name=\"avia_3_1\" class=\"text_input \" type=\"text\" id=\"avia_3_1\" value=\"\"  placeholder='Tel\u00e8fon'\/><\/p><p class=' first_form  form_element form_fullwidth av-last-visible-form-element' id='element_avia_4_1'>\t <textarea  placeholder='Missatge*' name=\"avia_4_1\" class=\"text_area is_empty\" cols=\"40\" rows=\"7\" id=\"avia_4_1\" ><\/textarea><\/p><p class=\"hidden\"><input type=\"text\" name=\"avia_5_1\" class=\"hidden \" id=\"avia_5_1\" value=\"\" \/><\/p><p class=\"form_element \"><input type=\"hidden\" value=\"1\" name=\"avia_generated_form1\" \/><input type=\"submit\" value=\"Enviar\" class=\"button\"  data-sending-label=\"Enviant\"\/><\/p><\/fieldset><\/form><div id=\"ajaxresponse_1\" class=\"ajaxresponse ajaxresponse_1 hidden\"><\/div>\n<\/div><\/div><\/div><!-- close content main div --><\/div><\/div><div id='after_section_2' class='main_color av_default_container_wrap container_wrap sidebar_right' style=' '  ><div class='container' ><div class='template-page content  av-content-small alpha units'><div class='post-entry post-entry-type-page post-entry-966'><div class='entry-content-wrapper clearfix'><\/p>","protected":false},"excerpt":{"rendered":"","protected":false},"author":1,"featured_media":0,"parent":0,"menu_order":0,"comment_status":"closed","ping_status":"closed","template":"","meta":[],"yoast_head":"<!-- This site is optimized with the Yoast SEO plugin v15.7 - https:\/\/yoast.com\/wordpress\/plugins\/seo\/ -->\n<title>Tour Veg\u00e0 Gastron\u00f2mic - Green Ladies Barcelona<\/title>\n<meta name=\"description\" content=\"Experience Vegan Barcelona on our Food Tour with a local Vegan chef! Enjoy and discover with us the most delicious vegan spots and restaurants in Barcelona.\" \/>\n<meta name=\"robots\" content=\"index, follow, max-snippet:-1, max-image-preview:large, max-video-preview:-1\" \/>\n<link rel=\"canonical\" href=\"https:\/\/www.greenladiesbcn.com\/\" \/>\n<meta property=\"og:locale\" content=\"ca_ES\" \/>\n<meta property=\"og:type\" content=\"article\" \/>\n<meta property=\"og:title\" content=\"Tour Veg\u00e0 Gastron\u00f2mic - Green Ladies Barcelona\" \/>\n<meta property=\"og:description\" content=\"Experience Vegan Barcelona on our Food Tour with a local Vegan chef! Enjoy and discover with us the most delicious vegan spots and restaurants in Barcelona.\" \/>\n<meta property=\"og:url\" content=\"https:\/\/www.greenladiesbcn.com\/\" \/>\n<meta property=\"og:site_name\" content=\"Green Ladies Barcelona\" \/>\n<meta property=\"article:modified_time\" content=\"2019-09-22T22:22:59+00:00\" \/>\n<meta name=\"twitter:label1\" content=\"Temps estimat de lectura\">\n\t<meta name=\"twitter:data1\" content=\"11 minutes\">\n<script type=\"application\/ld+json\" class=\"yoast-schema-graph\">{\"@context\":\"https:\/\/schema.org\",\"@graph\":[{\"@type\":\"WebSite\",\"@id\":\"https:\/\/www.greenladiesbcn.com\/#website\",\"url\":\"https:\/\/www.greenladiesbcn.com\/\",\"name\":\"Green Ladies Barcelona\",\"description\":\"Tours Vegans Gastron\\u00f2mics\",\"potentialAction\":[{\"@type\":\"SearchAction\",\"target\":\"https:\/\/www.greenladiesbcn.com\/?s={search_term_string}\",\"query-input\":\"required name=search_term_string\"}],\"inLanguage\":\"ca\"},{\"@type\":\"WebPage\",\"@id\":\"https:\/\/www.greenladiesbcn.com\/#webpage\",\"url\":\"https:\/\/www.greenladiesbcn.com\/\",\"name\":\"Tour Veg\\u00e0 Gastron\\u00f2mic - Green Ladies Barcelona\",\"isPartOf\":{\"@id\":\"https:\/\/www.greenladiesbcn.com\/#website\"},\"datePublished\":\"2018-09-04T23:19:21+00:00\",\"dateModified\":\"2019-09-22T22:22:59+00:00\",\"description\":\"Experience Vegan Barcelona on our Food Tour with a local Vegan chef! Enjoy and discover with us the most delicious vegan spots and restaurants in Barcelona.\",\"inLanguage\":\"ca\",\"potentialAction\":[{\"@type\":\"ReadAction\",\"target\":[\"https:\/\/www.greenladiesbcn.com\/\"]}]}]}<\/script>\n<!-- \/ Yoast SEO plugin. -->","_links":{"self":[{"href":"https:\/\/www.greenladiesbcn.com\/CA\/wp-json\/wp\/v2\/pages\/966"}],"collection":[{"href":"https:\/\/www.greenladiesbcn.com\/CA\/wp-json\/wp\/v2\/pages"}],"about":[{"href":"https:\/\/www.greenladiesbcn.com\/CA\/wp-json\/wp\/v2\/types\/page"}],"author":[{"embeddable":true,"href":"https:\/\/www.greenladiesbcn.com\/CA\/wp-json\/wp\/v2\/users\/1"}],"replies":[{"embeddable":true,"href":"https:\/\/www.greenladiesbcn.com\/CA\/wp-json\/wp\/v2\/comments?post=966"}],"version-history":[{"count":0,"href":"https:\/\/www.greenladiesbcn.com\/CA\/wp-json\/wp\/v2\/pages\/966\/revisions"}],"wp:attachment":[{"href":"https:\/\/www.greenladiesbcn.com\/CA\/wp-json\/wp\/v2\/media?parent=966"}],"curies":[{"name":"wp","href":"https:\/\/api.w.org\/{rel}","templated":true}]}}